{"id":4857,"date":"2022-10-05T10:28:09","date_gmt":"2022-10-05T08:28:09","guid":{"rendered":"https:\/\/elewacjezklinkieru.com\/beispielseite\/"},"modified":"2022-12-16T10:49:18","modified_gmt":"2022-12-16T09:49:18","slug":"beispielseite","status":"publish","type":"page","link":"https:\/\/elewacjezklinkieru.com\/de\/beispielseite\/","title":{"rendered":"Beispielseite"},"content":{"rendered":"\n<p>Beispielseite. Seiten unterscheiden sich von Blogbeitr\u00e4gen dadurch, dass sie nicht nur immer an einem Ort sind, sondern auch im Men\u00fc der Website erscheinen (in den meisten Themes). Die meisten Benutzer beginnen mit einer Seite mit Informationen \u00fcber sich selbst, die sie den Besuchern der Website vorstellen. Eine solche Seite k\u00f6nnte z. B. folgenden Inhalt haben:<\/p>\n\n<blockquote class=\"wp-block-quote is-layout-flow wp-block-quote-is-layout-flow\"><p>Hallo! Tags\u00fcber bin ich Fahrradkurier, nachts versuche ich mich als Schauspieler, und dies ist meine Website. Ich lebe in Krakau, habe einen wunderbaren Hund namens Reks und mag Pi\u00f1a Coladas (und Spazierg\u00e4nge, wenn es regnet).<\/p><\/blockquote>\n\n<p>&#8230;oder so \u00e4hnlich:<\/p>\n\n<blockquote class=\"wp-block-quote is-layout-flow wp-block-quote-is-layout-flow\"><p>XYZ Doohickey wurde 1971 gegr\u00fcndet und versorgt die \u00d6ffentlichkeit seither mit hochwertigen Gadgets. Das in Gotham City ans\u00e4ssige Unternehmen XYZ besch\u00e4ftigt \u00fcber 2.000 Mitarbeiter und leistet Erstaunliches f\u00fcr die Gemeinde Gotham.<\/p><\/blockquote>\n\n<p>Als neuer WordPress-Benutzer sollten Sie zu <a href=\"https:\/\/elewacjezklinkieru.com\/wp-admin\/\">Ihrem Cockpit<\/a> gehen, um diese Seite zu l\u00f6schen und eine neue Seite mit Ihrem eigenen Inhalt zu erstellen. Viel Spa\u00df!<\/p>\n","protected":false},"excerpt":{"rendered":"<p>Beispielseite. Seiten unterscheiden sich von Blogbeitr\u00e4gen dadurch, dass sie nicht nur immer an einem Ort sind, sondern auch im Men\u00fc der Website erscheinen (in den meisten Themes). Die meisten Benutzer beginnen mit einer Seite mit Informationen \u00fcber sich selbst, die sie den Besuchern der Website vorstellen. Eine solche Seite k\u00f6nnte z. B. folgenden Inhalt haben: &hellip;<\/p>\n<p class=\"read-more\"> <a class=\"\" href=\"https:\/\/elewacjezklinkieru.com\/de\/beispielseite\/\"> <span class=\"screen-reader-text\">Beispielseite<\/span> Czytaj wi\u0119cej \u00bb<\/a><\/p>\n","protected":false},"author":1,"featured_media":0,"parent":0,"menu_order":0,"comment_status":"closed","ping_status":"open","template":"","meta":{"site-sidebar-layout":"default","site-content-layout":"default","ast-global-header-display":"","ast-main-header-display":"","ast-hfb-above-header-display":"","ast-hfb-below-header-display":"","ast-hfb-mobile-header-display":"","site-post-title":"","ast-breadcrumbs-content":"","ast-featured-img":"","footer-sml-layout":"","theme-transparent-header-meta":"","adv-header-id-meta":"","stick-header-meta":"","header-above-stick-meta":"","header-main-stick-meta":"","header-below-stick-meta":"","footnotes":""},"class_list":["post-4857","page","type-page","status-publish","hentry"],"_links":{"self":[{"href":"https:\/\/elewacjezklinkieru.com\/de\/wp-json\/wp\/v2\/pages\/4857","targetHints":{"allow":["GET"]}}],"collection":[{"href":"https:\/\/elewacjezklinkieru.com\/de\/wp-json\/wp\/v2\/pages"}],"about":[{"href":"https:\/\/elewacjezklinkieru.com\/de\/wp-json\/wp\/v2\/types\/page"}],"author":[{"embeddable":true,"href":"https:\/\/elewacjezklinkieru.com\/de\/wp-json\/wp\/v2\/users\/1"}],"replies":[{"embeddable":true,"href":"https:\/\/elewacjezklinkieru.com\/de\/wp-json\/wp\/v2\/comments?post=4857"}],"version-history":[{"count":0,"href":"https:\/\/elewacjezklinkieru.com\/de\/wp-json\/wp\/v2\/pages\/4857\/revisions"}],"wp:attachment":[{"href":"https:\/\/elewacjezklinkieru.com\/de\/wp-json\/wp\/v2\/media?parent=4857"}],"curies":[{"name":"wp","href":"https:\/\/api.w.org\/{rel}","templated":true}]}}