{"id":4915,"date":"2022-10-11T14:19:26","date_gmt":"2022-10-11T12:19:26","guid":{"rendered":"https:\/\/elewacjezklinkieru.com\/fakultaet-fuer-chemie-jagiellonian-universitaet\/"},"modified":"2022-12-16T10:49:28","modified_gmt":"2022-12-16T09:49:28","slug":"fakultaet-fuer-chemie-jagiellonian-universitaet","status":"publish","type":"page","link":"https:\/\/elewacjezklinkieru.com\/de\/fakultaet-fuer-chemie-jagiellonian-universitaet\/","title":{"rendered":"Fakult\u00e4t f\u00fcr Chemie &#8211; Jagiellonian Universit\u00e4t"},"content":{"rendered":"\t\t<div data-elementor-type=\"wp-page\" data-elementor-id=\"4915\" class=\"elementor elementor-4915 elementor-2340\">\n\t\t\t\t\t\t\t\t\t<section class=\"elementor-section elementor-top-section elementor-element elementor-element-fab3239 elementor-section-boxed elementor-section-height-default elementor-section-height-default\" data-id=\"fab3239\" data-element_type=\"section\" data-settings=\"{&quot;background_background&quot;:&quot;classic&quot;}\">\n\t\t\t\t\t\t\t<div class=\"elementor-background-overlay\"><\/div>\n\t\t\t\t\t\t\t<div class=\"elementor-container elementor-column-gap-default\">\n\t\t\t\t\t<div class=\"elementor-column elementor-col-50 elementor-top-column elementor-element elementor-element-3732c16\" data-id=\"3732c16\" data-element_type=\"column\">\n\t\t\t<div class=\"elementor-widget-wrap elementor-element-populated\">\n\t\t\t\t\t\t\t\t<div class=\"elementor-element elementor-element-05900ec elementor-widget elementor-widget-heading\" data-id=\"05900ec\" data-element_type=\"widget\" data-widget_type=\"heading.default\">\n\t\t\t\t<div class=\"elementor-widget-container\">\n\t\t\t<style>\/*! elementor - v3.10.0 - 09-01-2023 *\/\n.elementor-heading-title{padding:0;margin:0;line-height:1}.elementor-widget-heading .elementor-heading-title[class*=elementor-size-]>a{color:inherit;font-size:inherit;line-height:inherit}.elementor-widget-heading .elementor-heading-title.elementor-size-small{font-size:15px}.elementor-widget-heading .elementor-heading-title.elementor-size-medium{font-size:19px}.elementor-widget-heading .elementor-heading-title.elementor-size-large{font-size:29px}.elementor-widget-heading .elementor-heading-title.elementor-size-xl{font-size:39px}.elementor-widget-heading .elementor-heading-title.elementor-size-xxl{font-size:59px}<\/style><h1 class=\"elementor-heading-title elementor-size-default\">Fakult\u00e4t f\u00fcr Chemie - Jagiellonian Universit\u00e4t<\/h1>\t\t<\/div>\n\t\t\t\t<\/div>\n\t\t\t\t\t<\/div>\n\t\t<\/div>\n\t\t\t\t<div class=\"elementor-column elementor-col-50 elementor-top-column elementor-element elementor-element-2010ff2\" data-id=\"2010ff2\" data-element_type=\"column\">\n\t\t\t<div class=\"elementor-widget-wrap\">\n\t\t\t\t\t\t\t\t\t<\/div>\n\t\t<\/div>\n\t\t\t\t\t\t\t<\/div>\n\t\t<\/section>\n\t\t\t\t<section class=\"elementor-section elementor-top-section elementor-element elementor-element-c26d14b elementor-section-boxed elementor-section-height-default elementor-section-height-default\" data-id=\"c26d14b\" data-element_type=\"section\">\n\t\t\t\t\t\t<div class=\"elementor-container elementor-column-gap-default\">\n\t\t\t\t\t<div class=\"elementor-column elementor-col-100 elementor-top-column elementor-element elementor-element-22356d7\" data-id=\"22356d7\" data-element_type=\"column\">\n\t\t\t<div class=\"elementor-widget-wrap elementor-element-populated\">\n\t\t\t\t\t\t\t\t<div class=\"elementor-element elementor-element-ba646e0 uael-img-grid__column-4 uael-img-grid-tablet__column-3 uael-img-grid-mobile__column-2 uael-ins-normal elementor-widget elementor-widget-uael-image-gallery\" data-id=\"ba646e0\" data-element_type=\"widget\" data-settings=\"{&quot;gallery_columns&quot;:&quot;4&quot;,&quot;gallery_columns_tablet&quot;:&quot;3&quot;,&quot;gallery_columns_mobile&quot;:&quot;2&quot;,&quot;column_gap&quot;:{&quot;unit&quot;:&quot;px&quot;,&quot;size&quot;:20,&quot;sizes&quot;:[]},&quot;column_gap_tablet&quot;:{&quot;unit&quot;:&quot;px&quot;,&quot;size&quot;:&quot;&quot;,&quot;sizes&quot;:[]},&quot;column_gap_mobile&quot;:{&quot;unit&quot;:&quot;px&quot;,&quot;size&quot;:&quot;&quot;,&quot;sizes&quot;:[]},&quot;row_gap&quot;:{&quot;unit&quot;:&quot;px&quot;,&quot;size&quot;:20,&quot;sizes&quot;:[]},&quot;row_gap_tablet&quot;:{&quot;unit&quot;:&quot;px&quot;,&quot;size&quot;:&quot;&quot;,&quot;sizes&quot;:[]},&quot;row_gap_mobile&quot;:{&quot;unit&quot;:&quot;px&quot;,&quot;size&quot;:&quot;&quot;,&quot;sizes&quot;:[]}}\" data-widget_type=\"uael-image-gallery.default\">\n\t\t\t\t<div class=\"elementor-widget-container\">\n\t\t\t<div class=\"uael-gallery-parent uael-caption- uael-gallery-unjustified\"><div class=\"uael-img-gallery-wrap uael-img-masonry-wrap uael-img-grid-masonry-wrap uael-masonry uael-image-lightbox-wrap\" data-filter-default=\"Alle\" data-lightbox_actions=\"[&quot;close&quot;]\" data-lightbox-gallery-loop=\"\"><div class=\"uael-grid-item  uael-img-gallery-item-1\"><div class=\"uael-grid-item-content\"><a class=\"uael-grid-img uael-grid-gallery-img uael-ins-hover elementor-clickable\" data-fancybox=\"uael-gallery\" href=\"https:\/\/ei26am9r9g8.exactdn.com\/wp-content\/uploads\/2022\/10\/wydzial-chemii-uj-1.jpg?strip=all&amp;lossy=1&amp;ssl=1\" data-elementor-open-lightbox=\"no\"><div class=\"uael-grid-img-thumbnail uael-ins-target\"><img loading=\"lazy\" decoding=\"async\" width=\"768\" height=\"512\" src=\"https:\/\/ei26am9r9g8.exactdn.com\/wp-content\/uploads\/2022\/10\/wydzial-chemii-uj-1-768x512.jpg?strip=all&lossy=1&ssl=1\" class=\"attachment-medium_large size-medium_large wp-image-2342\" alt=\"\" srcset=\"https:\/\/ei26am9r9g8.exactdn.com\/wp-content\/uploads\/2022\/10\/wydzial-chemii-uj-1-768x512.jpg?strip=all&amp;lossy=1&amp;ssl=1 768w, https:\/\/ei26am9r9g8.exactdn.com\/wp-content\/uploads\/2022\/10\/wydzial-chemii-uj-1-300x200.jpg?strip=all&amp;lossy=1&amp;ssl=1 300w, https:\/\/ei26am9r9g8.exactdn.com\/wp-content\/uploads\/2022\/10\/wydzial-chemii-uj-1-1024x683.jpg?strip=all&amp;lossy=1&amp;ssl=1 1024w, https:\/\/ei26am9r9g8.exactdn.com\/wp-content\/uploads\/2022\/10\/wydzial-chemii-uj-1-1536x1024.jpg?strip=all&amp;lossy=1&amp;ssl=1 1536w, https:\/\/ei26am9r9g8.exactdn.com\/wp-content\/uploads\/2022\/10\/wydzial-chemii-uj-1.jpg?strip=all&amp;lossy=1&amp;ssl=1 1920w, https:\/\/ei26am9r9g8.exactdn.com\/wp-content\/uploads\/2022\/10\/wydzial-chemii-uj-1.jpg?strip=all&amp;lossy=1&amp;w=384&amp;ssl=1 384w, https:\/\/ei26am9r9g8.exactdn.com\/wp-content\/uploads\/2022\/10\/wydzial-chemii-uj-1.jpg?strip=all&amp;lossy=1&amp;w=1152&amp;ssl=1 1152w\" sizes=\"auto, (max-width: 768px) 100vw, 768px\" \/><\/div><div class=\"uael-grid-img-overlay\"><\/div><\/a><\/div><\/div><div class=\"uael-grid-item  uael-img-gallery-item-2\"><div class=\"uael-grid-item-content\"><a class=\"uael-grid-img uael-grid-gallery-img uael-ins-hover elementor-clickable\" data-fancybox=\"uael-gallery\" href=\"https:\/\/ei26am9r9g8.exactdn.com\/wp-content\/uploads\/2022\/10\/wydzial-chemii-uj-2.jpg?strip=all&amp;lossy=1&amp;ssl=1\" data-elementor-open-lightbox=\"no\"><div class=\"uael-grid-img-thumbnail uael-ins-target\"><img loading=\"lazy\" decoding=\"async\" width=\"768\" height=\"512\" src=\"https:\/\/ei26am9r9g8.exactdn.com\/wp-content\/uploads\/2022\/10\/wydzial-chemii-uj-2-768x512.jpg?strip=all&lossy=1&ssl=1\" class=\"attachment-medium_large size-medium_large wp-image-2343\" alt=\"\" srcset=\"https:\/\/ei26am9r9g8.exactdn.com\/wp-content\/uploads\/2022\/10\/wydzial-chemii-uj-2-768x512.jpg?strip=all&amp;lossy=1&amp;ssl=1 768w, https:\/\/ei26am9r9g8.exactdn.com\/wp-content\/uploads\/2022\/10\/wydzial-chemii-uj-2-300x200.jpg?strip=all&amp;lossy=1&amp;ssl=1 300w, https:\/\/ei26am9r9g8.exactdn.com\/wp-content\/uploads\/2022\/10\/wydzial-chemii-uj-2-1024x683.jpg?strip=all&amp;lossy=1&amp;ssl=1 1024w, https:\/\/ei26am9r9g8.exactdn.com\/wp-content\/uploads\/2022\/10\/wydzial-chemii-uj-2-1536x1024.jpg?strip=all&amp;lossy=1&amp;ssl=1 1536w, https:\/\/ei26am9r9g8.exactdn.com\/wp-content\/uploads\/2022\/10\/wydzial-chemii-uj-2.jpg?strip=all&amp;lossy=1&amp;ssl=1 1920w, https:\/\/ei26am9r9g8.exactdn.com\/wp-content\/uploads\/2022\/10\/wydzial-chemii-uj-2.jpg?strip=all&amp;lossy=1&amp;w=384&amp;ssl=1 384w, https:\/\/ei26am9r9g8.exactdn.com\/wp-content\/uploads\/2022\/10\/wydzial-chemii-uj-2.jpg?strip=all&amp;lossy=1&amp;w=1152&amp;ssl=1 1152w\" sizes=\"auto, (max-width: 768px) 100vw, 768px\" \/><\/div><div class=\"uael-grid-img-overlay\"><\/div><\/a><\/div><\/div><div class=\"uael-grid-item  uael-img-gallery-item-3\"><div class=\"uael-grid-item-content\"><a class=\"uael-grid-img uael-grid-gallery-img uael-ins-hover elementor-clickable\" data-fancybox=\"uael-gallery\" href=\"https:\/\/ei26am9r9g8.exactdn.com\/wp-content\/uploads\/2022\/10\/wydzial-chemii-uj-3.jpg?strip=all&amp;lossy=1&amp;ssl=1\" data-elementor-open-lightbox=\"no\"><div class=\"uael-grid-img-thumbnail uael-ins-target\"><img loading=\"lazy\" decoding=\"async\" width=\"768\" height=\"512\" src=\"https:\/\/ei26am9r9g8.exactdn.com\/wp-content\/uploads\/2022\/10\/wydzial-chemii-uj-3-768x512.jpg?strip=all&lossy=1&ssl=1\" class=\"attachment-medium_large size-medium_large wp-image-2344\" alt=\"\" srcset=\"https:\/\/ei26am9r9g8.exactdn.com\/wp-content\/uploads\/2022\/10\/wydzial-chemii-uj-3-768x512.jpg?strip=all&amp;lossy=1&amp;ssl=1 768w, https:\/\/ei26am9r9g8.exactdn.com\/wp-content\/uploads\/2022\/10\/wydzial-chemii-uj-3-300x200.jpg?strip=all&amp;lossy=1&amp;ssl=1 300w, https:\/\/ei26am9r9g8.exactdn.com\/wp-content\/uploads\/2022\/10\/wydzial-chemii-uj-3-1024x683.jpg?strip=all&amp;lossy=1&amp;ssl=1 1024w, https:\/\/ei26am9r9g8.exactdn.com\/wp-content\/uploads\/2022\/10\/wydzial-chemii-uj-3-1536x1024.jpg?strip=all&amp;lossy=1&amp;ssl=1 1536w, https:\/\/ei26am9r9g8.exactdn.com\/wp-content\/uploads\/2022\/10\/wydzial-chemii-uj-3.jpg?strip=all&amp;lossy=1&amp;ssl=1 1920w, https:\/\/ei26am9r9g8.exactdn.com\/wp-content\/uploads\/2022\/10\/wydzial-chemii-uj-3.jpg?strip=all&amp;lossy=1&amp;w=384&amp;ssl=1 384w, https:\/\/ei26am9r9g8.exactdn.com\/wp-content\/uploads\/2022\/10\/wydzial-chemii-uj-3.jpg?strip=all&amp;lossy=1&amp;w=1152&amp;ssl=1 1152w\" sizes=\"auto, (max-width: 768px) 100vw, 768px\" \/><\/div><div class=\"uael-grid-img-overlay\"><\/div><\/a><\/div><\/div><div class=\"uael-grid-item  uael-img-gallery-item-4\"><div class=\"uael-grid-item-content\"><a class=\"uael-grid-img uael-grid-gallery-img uael-ins-hover elementor-clickable\" data-fancybox=\"uael-gallery\" href=\"https:\/\/ei26am9r9g8.exactdn.com\/wp-content\/uploads\/2022\/10\/wydzial-chemii-uj-4.jpg?strip=all&amp;lossy=1&amp;ssl=1\" data-elementor-open-lightbox=\"no\"><div class=\"uael-grid-img-thumbnail uael-ins-target\"><img loading=\"lazy\" decoding=\"async\" width=\"768\" height=\"512\" src=\"https:\/\/ei26am9r9g8.exactdn.com\/wp-content\/uploads\/2022\/10\/wydzial-chemii-uj-4-768x512.jpg?strip=all&lossy=1&ssl=1\" class=\"attachment-medium_large size-medium_large wp-image-2345\" alt=\"\" srcset=\"https:\/\/ei26am9r9g8.exactdn.com\/wp-content\/uploads\/2022\/10\/wydzial-chemii-uj-4-768x512.jpg?strip=all&amp;lossy=1&amp;ssl=1 768w, https:\/\/ei26am9r9g8.exactdn.com\/wp-content\/uploads\/2022\/10\/wydzial-chemii-uj-4-300x200.jpg?strip=all&amp;lossy=1&amp;ssl=1 300w, https:\/\/ei26am9r9g8.exactdn.com\/wp-content\/uploads\/2022\/10\/wydzial-chemii-uj-4-1024x683.jpg?strip=all&amp;lossy=1&amp;ssl=1 1024w, https:\/\/ei26am9r9g8.exactdn.com\/wp-content\/uploads\/2022\/10\/wydzial-chemii-uj-4-1536x1024.jpg?strip=all&amp;lossy=1&amp;ssl=1 1536w, https:\/\/ei26am9r9g8.exactdn.com\/wp-content\/uploads\/2022\/10\/wydzial-chemii-uj-4.jpg?strip=all&amp;lossy=1&amp;ssl=1 1920w, https:\/\/ei26am9r9g8.exactdn.com\/wp-content\/uploads\/2022\/10\/wydzial-chemii-uj-4.jpg?strip=all&amp;lossy=1&amp;w=384&amp;ssl=1 384w, https:\/\/ei26am9r9g8.exactdn.com\/wp-content\/uploads\/2022\/10\/wydzial-chemii-uj-4.jpg?strip=all&amp;lossy=1&amp;w=1152&amp;ssl=1 1152w\" sizes=\"auto, (max-width: 768px) 100vw, 768px\" \/><\/div><div class=\"uael-grid-img-overlay\"><\/div><\/a><\/div><\/div><div class=\"uael-grid-item  uael-img-gallery-item-5\"><div class=\"uael-grid-item-content\"><a class=\"uael-grid-img uael-grid-gallery-img uael-ins-hover elementor-clickable\" data-fancybox=\"uael-gallery\" href=\"https:\/\/ei26am9r9g8.exactdn.com\/wp-content\/uploads\/2022\/10\/wydzial-chemii-uj-5-1.jpg?strip=all&amp;lossy=1&amp;ssl=1\" data-elementor-open-lightbox=\"no\"><div class=\"uael-grid-img-thumbnail uael-ins-target\"><img loading=\"lazy\" decoding=\"async\" width=\"768\" height=\"512\" src=\"https:\/\/ei26am9r9g8.exactdn.com\/wp-content\/uploads\/2022\/10\/wydzial-chemii-uj-5-1-768x512.jpg?strip=all&lossy=1&ssl=1\" class=\"attachment-medium_large size-medium_large wp-image-2346\" alt=\"\" srcset=\"https:\/\/ei26am9r9g8.exactdn.com\/wp-content\/uploads\/2022\/10\/wydzial-chemii-uj-5-1-768x512.jpg?strip=all&amp;lossy=1&amp;ssl=1 768w, https:\/\/ei26am9r9g8.exactdn.com\/wp-content\/uploads\/2022\/10\/wydzial-chemii-uj-5-1-300x200.jpg?strip=all&amp;lossy=1&amp;ssl=1 300w, https:\/\/ei26am9r9g8.exactdn.com\/wp-content\/uploads\/2022\/10\/wydzial-chemii-uj-5-1-1024x683.jpg?strip=all&amp;lossy=1&amp;ssl=1 1024w, https:\/\/ei26am9r9g8.exactdn.com\/wp-content\/uploads\/2022\/10\/wydzial-chemii-uj-5-1-1536x1024.jpg?strip=all&amp;lossy=1&amp;ssl=1 1536w, https:\/\/ei26am9r9g8.exactdn.com\/wp-content\/uploads\/2022\/10\/wydzial-chemii-uj-5-1.jpg?strip=all&amp;lossy=1&amp;ssl=1 1920w, https:\/\/ei26am9r9g8.exactdn.com\/wp-content\/uploads\/2022\/10\/wydzial-chemii-uj-5-1.jpg?strip=all&amp;lossy=1&amp;w=384&amp;ssl=1 384w, https:\/\/ei26am9r9g8.exactdn.com\/wp-content\/uploads\/2022\/10\/wydzial-chemii-uj-5-1.jpg?strip=all&amp;lossy=1&amp;w=1152&amp;ssl=1 1152w\" sizes=\"auto, (max-width: 768px) 100vw, 768px\" \/><\/div><div class=\"uael-grid-img-overlay\"><\/div><\/a><\/div><\/div><div class=\"uael-grid-item  uael-img-gallery-item-6\"><div class=\"uael-grid-item-content\"><a class=\"uael-grid-img uael-grid-gallery-img uael-ins-hover elementor-clickable\" data-fancybox=\"uael-gallery\" href=\"https:\/\/ei26am9r9g8.exactdn.com\/wp-content\/uploads\/2022\/10\/wydzial-chemii-uj-6.jpg?strip=all&amp;lossy=1&amp;ssl=1\" data-elementor-open-lightbox=\"no\"><div class=\"uael-grid-img-thumbnail uael-ins-target\"><img loading=\"lazy\" decoding=\"async\" width=\"768\" height=\"512\" src=\"https:\/\/ei26am9r9g8.exactdn.com\/wp-content\/uploads\/2022\/10\/wydzial-chemii-uj-6-768x512.jpg?strip=all&lossy=1&ssl=1\" class=\"attachment-medium_large size-medium_large wp-image-2348\" alt=\"\" srcset=\"https:\/\/ei26am9r9g8.exactdn.com\/wp-content\/uploads\/2022\/10\/wydzial-chemii-uj-6-768x512.jpg?strip=all&amp;lossy=1&amp;ssl=1 768w, https:\/\/ei26am9r9g8.exactdn.com\/wp-content\/uploads\/2022\/10\/wydzial-chemii-uj-6-300x200.jpg?strip=all&amp;lossy=1&amp;ssl=1 300w, https:\/\/ei26am9r9g8.exactdn.com\/wp-content\/uploads\/2022\/10\/wydzial-chemii-uj-6-1024x683.jpg?strip=all&amp;lossy=1&amp;ssl=1 1024w, https:\/\/ei26am9r9g8.exactdn.com\/wp-content\/uploads\/2022\/10\/wydzial-chemii-uj-6-1536x1024.jpg?strip=all&amp;lossy=1&amp;ssl=1 1536w, https:\/\/ei26am9r9g8.exactdn.com\/wp-content\/uploads\/2022\/10\/wydzial-chemii-uj-6.jpg?strip=all&amp;lossy=1&amp;ssl=1 1920w, https:\/\/ei26am9r9g8.exactdn.com\/wp-content\/uploads\/2022\/10\/wydzial-chemii-uj-6.jpg?strip=all&amp;lossy=1&amp;w=384&amp;ssl=1 384w, https:\/\/ei26am9r9g8.exactdn.com\/wp-content\/uploads\/2022\/10\/wydzial-chemii-uj-6.jpg?strip=all&amp;lossy=1&amp;w=1152&amp;ssl=1 1152w\" sizes=\"auto, (max-width: 768px) 100vw, 768px\" \/><\/div><div class=\"uael-grid-img-overlay\"><\/div><\/a><\/div><\/div><div class=\"uael-grid-item  uael-img-gallery-item-7\"><div class=\"uael-grid-item-content\"><a class=\"uael-grid-img uael-grid-gallery-img uael-ins-hover elementor-clickable\" data-fancybox=\"uael-gallery\" href=\"https:\/\/ei26am9r9g8.exactdn.com\/wp-content\/uploads\/2022\/10\/wydzial-chemii-uj-7.jpg?strip=all&amp;lossy=1&amp;ssl=1\" data-elementor-open-lightbox=\"no\"><div class=\"uael-grid-img-thumbnail uael-ins-target\"><img loading=\"lazy\" decoding=\"async\" width=\"768\" height=\"512\" src=\"https:\/\/ei26am9r9g8.exactdn.com\/wp-content\/uploads\/2022\/10\/wydzial-chemii-uj-7-768x512.jpg?strip=all&lossy=1&ssl=1\" class=\"attachment-medium_large size-medium_large wp-image-2349\" alt=\"\" srcset=\"https:\/\/ei26am9r9g8.exactdn.com\/wp-content\/uploads\/2022\/10\/wydzial-chemii-uj-7-768x512.jpg?strip=all&amp;lossy=1&amp;ssl=1 768w, https:\/\/ei26am9r9g8.exactdn.com\/wp-content\/uploads\/2022\/10\/wydzial-chemii-uj-7-300x200.jpg?strip=all&amp;lossy=1&amp;ssl=1 300w, https:\/\/ei26am9r9g8.exactdn.com\/wp-content\/uploads\/2022\/10\/wydzial-chemii-uj-7-1024x683.jpg?strip=all&amp;lossy=1&amp;ssl=1 1024w, https:\/\/ei26am9r9g8.exactdn.com\/wp-content\/uploads\/2022\/10\/wydzial-chemii-uj-7-1536x1024.jpg?strip=all&amp;lossy=1&amp;ssl=1 1536w, https:\/\/ei26am9r9g8.exactdn.com\/wp-content\/uploads\/2022\/10\/wydzial-chemii-uj-7.jpg?strip=all&amp;lossy=1&amp;ssl=1 1920w, https:\/\/ei26am9r9g8.exactdn.com\/wp-content\/uploads\/2022\/10\/wydzial-chemii-uj-7.jpg?strip=all&amp;lossy=1&amp;w=384&amp;ssl=1 384w, https:\/\/ei26am9r9g8.exactdn.com\/wp-content\/uploads\/2022\/10\/wydzial-chemii-uj-7.jpg?strip=all&amp;lossy=1&amp;w=1152&amp;ssl=1 1152w\" sizes=\"auto, (max-width: 768px) 100vw, 768px\" \/><\/div><div class=\"uael-grid-img-overlay\"><\/div><\/a><\/div><\/div><div class=\"uael-grid-item  uael-img-gallery-item-8\"><div class=\"uael-grid-item-content\"><a class=\"uael-grid-img uael-grid-gallery-img uael-ins-hover elementor-clickable\" data-fancybox=\"uael-gallery\" href=\"https:\/\/ei26am9r9g8.exactdn.com\/wp-content\/uploads\/2022\/10\/wydzial-chemii-uj-8.jpg?strip=all&amp;lossy=1&amp;ssl=1\" data-elementor-open-lightbox=\"no\"><div class=\"uael-grid-img-thumbnail uael-ins-target\"><img loading=\"lazy\" decoding=\"async\" width=\"768\" height=\"510\" src=\"https:\/\/ei26am9r9g8.exactdn.com\/wp-content\/uploads\/2022\/10\/wydzial-chemii-uj-8-768x510.jpg?strip=all&lossy=1&ssl=1\" class=\"attachment-medium_large size-medium_large wp-image-2350\" alt=\"\" srcset=\"https:\/\/ei26am9r9g8.exactdn.com\/wp-content\/uploads\/2022\/10\/wydzial-chemii-uj-8-768x510.jpg?strip=all&amp;lossy=1&amp;ssl=1 768w, https:\/\/ei26am9r9g8.exactdn.com\/wp-content\/uploads\/2022\/10\/wydzial-chemii-uj-8-300x199.jpg?strip=all&amp;lossy=1&amp;ssl=1 300w, https:\/\/ei26am9r9g8.exactdn.com\/wp-content\/uploads\/2022\/10\/wydzial-chemii-uj-8-1024x680.jpg?strip=all&amp;lossy=1&amp;ssl=1 1024w, https:\/\/ei26am9r9g8.exactdn.com\/wp-content\/uploads\/2022\/10\/wydzial-chemii-uj-8-1536x1020.jpg?strip=all&amp;lossy=1&amp;ssl=1 1536w, https:\/\/ei26am9r9g8.exactdn.com\/wp-content\/uploads\/2022\/10\/wydzial-chemii-uj-8.jpg?strip=all&amp;lossy=1&amp;ssl=1 1920w, https:\/\/ei26am9r9g8.exactdn.com\/wp-content\/uploads\/2022\/10\/wydzial-chemii-uj-8.jpg?strip=all&amp;lossy=1&amp;w=384&amp;ssl=1 384w, https:\/\/ei26am9r9g8.exactdn.com\/wp-content\/uploads\/2022\/10\/wydzial-chemii-uj-8.jpg?strip=all&amp;lossy=1&amp;w=1152&amp;ssl=1 1152w\" sizes=\"auto, (max-width: 768px) 100vw, 768px\" \/><\/div><div class=\"uael-grid-img-overlay\"><\/div><\/a><\/div><\/div><\/div><\/div>\t\t<\/div>\n\t\t\t\t<\/div>\n\t\t\t\t\t<\/div>\n\t\t<\/div>\n\t\t\t\t\t\t\t<\/div>\n\t\t<\/section>\n\t\t\t\t\t\t\t<\/div>\n\t\t","protected":false},"excerpt":{"rendered":"<p>Fakult\u00e4t f\u00fcr Chemie &#8211; Jagiellonian Universit\u00e4t<\/p>\n","protected":false},"author":1,"featured_media":0,"parent":0,"menu_order":0,"comment_status":"closed","ping_status":"closed","template":"","meta":{"site-sidebar-layout":"no-sidebar","site-content-layout":"page-builder","ast-global-header-display":"","ast-main-header-display":"","ast-hfb-above-header-display":"","ast-hfb-below-header-display":"","ast-hfb-mobile-header-display":"","site-post-title":"disabled","ast-breadcrumbs-content":"","ast-featured-img":"disabled","footer-sml-layout":"","theme-transparent-header-meta":"","adv-header-id-meta":"","stick-header-meta":"","header-above-stick-meta":"","header-main-stick-meta":"","header-below-stick-meta":"","footnotes":""},"class_list":["post-4915","page","type-page","status-publish","hentry"],"_links":{"self":[{"href":"https:\/\/elewacjezklinkieru.com\/de\/wp-json\/wp\/v2\/pages\/4915","targetHints":{"allow":["GET"]}}],"collection":[{"href":"https:\/\/elewacjezklinkieru.com\/de\/wp-json\/wp\/v2\/pages"}],"about":[{"href":"https:\/\/elewacjezklinkieru.com\/de\/wp-json\/wp\/v2\/types\/page"}],"author":[{"embeddable":true,"href":"https:\/\/elewacjezklinkieru.com\/de\/wp-json\/wp\/v2\/users\/1"}],"replies":[{"embeddable":true,"href":"https:\/\/elewacjezklinkieru.com\/de\/wp-json\/wp\/v2\/comments?post=4915"}],"version-history":[{"count":0,"href":"https:\/\/elewacjezklinkieru.com\/de\/wp-json\/wp\/v2\/pages\/4915\/revisions"}],"wp:attachment":[{"href":"https:\/\/elewacjezklinkieru.com\/de\/wp-json\/wp\/v2\/media?parent=4915"}],"curies":[{"name":"wp","href":"https:\/\/api.w.org\/{rel}","templated":true}]}}