{"id":4950,"date":"2022-10-11T15:01:05","date_gmt":"2022-10-11T13:01:05","guid":{"rendered":"https:\/\/elewacjezklinkieru.com\/karriere\/"},"modified":"2022-12-16T10:49:34","modified_gmt":"2022-12-16T09:49:34","slug":"karriere","status":"publish","type":"page","link":"https:\/\/elewacjezklinkieru.com\/de\/karriere\/","title":{"rendered":"Karriere"},"content":{"rendered":"\t\t<div data-elementor-type=\"wp-page\" data-elementor-id=\"4950\" class=\"elementor elementor-4950 elementor-2432\">\n\t\t\t\t\t\t\t\t\t<section class=\"elementor-section elementor-top-section elementor-element elementor-element-92e257a elementor-section-boxed elementor-section-height-default elementor-section-height-default\" data-id=\"92e257a\" data-element_type=\"section\" data-settings=\"{&quot;background_background&quot;:&quot;classic&quot;}\">\n\t\t\t\t\t\t\t<div class=\"elementor-background-overlay\"><\/div>\n\t\t\t\t\t\t\t<div class=\"elementor-container elementor-column-gap-default\">\n\t\t\t\t\t<div class=\"elementor-column elementor-col-100 elementor-top-column elementor-element elementor-element-e4af273\" data-id=\"e4af273\" data-element_type=\"column\">\n\t\t\t<div class=\"elementor-widget-wrap elementor-element-populated\">\n\t\t\t\t\t\t\t\t<div class=\"elementor-element elementor-element-7f93620 elementor-widget elementor-widget-heading\" data-id=\"7f93620\" data-element_type=\"widget\" data-widget_type=\"heading.default\">\n\t\t\t\t<div class=\"elementor-widget-container\">\n\t\t\t<style>\/*! elementor - v3.10.0 - 09-01-2023 *\/\n.elementor-heading-title{padding:0;margin:0;line-height:1}.elementor-widget-heading .elementor-heading-title[class*=elementor-size-]>a{color:inherit;font-size:inherit;line-height:inherit}.elementor-widget-heading .elementor-heading-title.elementor-size-small{font-size:15px}.elementor-widget-heading .elementor-heading-title.elementor-size-medium{font-size:19px}.elementor-widget-heading .elementor-heading-title.elementor-size-large{font-size:29px}.elementor-widget-heading .elementor-heading-title.elementor-size-xl{font-size:39px}.elementor-widget-heading .elementor-heading-title.elementor-size-xxl{font-size:59px}<\/style><h1 class=\"elementor-heading-title elementor-size-default\">Arbeiten Sie mit den Besten<\/h1>\t\t<\/div>\n\t\t\t\t<\/div>\n\t\t\t\t\t<\/div>\n\t\t<\/div>\n\t\t\t\t\t\t\t<\/div>\n\t\t<\/section>\n\t\t\t\t<section class=\"elementor-section elementor-top-section elementor-element elementor-element-730b452 elementor-section-boxed elementor-section-height-default elementor-section-height-default\" data-id=\"730b452\" data-element_type=\"section\" data-settings=\"{&quot;background_background&quot;:&quot;classic&quot;}\">\n\t\t\t\t\t\t<div class=\"elementor-container elementor-column-gap-default\">\n\t\t\t\t\t<div class=\"elementor-column elementor-col-100 elementor-top-column elementor-element elementor-element-42ee4c3\" data-id=\"42ee4c3\" data-element_type=\"column\">\n\t\t\t<div class=\"elementor-widget-wrap elementor-element-populated\">\n\t\t\t\t\t\t\t\t<section class=\"elementor-section elementor-inner-section elementor-element elementor-element-28cc0ef elementor-section-boxed elementor-section-height-default elementor-section-height-default\" data-id=\"28cc0ef\" data-element_type=\"section\" data-settings=\"{&quot;background_background&quot;:&quot;classic&quot;}\">\n\t\t\t\t\t\t<div class=\"elementor-container elementor-column-gap-default\">\n\t\t\t\t\t<div class=\"elementor-column elementor-col-50 elementor-inner-column elementor-element elementor-element-a66e343\" data-id=\"a66e343\" data-element_type=\"column\">\n\t\t\t<div class=\"elementor-widget-wrap elementor-element-populated\">\n\t\t\t\t\t\t\t\t<div class=\"elementor-element elementor-element-b08b296 elementor-widget elementor-widget-image\" data-id=\"b08b296\" data-element_type=\"widget\" data-widget_type=\"image.default\">\n\t\t\t\t<div class=\"elementor-widget-container\">\n\t\t\t<style>\/*! elementor - v3.10.0 - 09-01-2023 *\/\n.elementor-widget-image{text-align:center}.elementor-widget-image a{display:inline-block}.elementor-widget-image a img[src$=\".svg\"]{width:48px}.elementor-widget-image img{vertical-align:middle;display:inline-block}<\/style>\t\t\t\t\t\t\t\t\t\t\t\t<img loading=\"lazy\" decoding=\"async\" width=\"650\" height=\"720\" src=\"https:\/\/ei26am9r9g8.exactdn.com\/wp-content\/uploads\/2022\/10\/tomstyl-3.png?strip=all&amp;lossy=1&amp;ssl=1\" class=\"attachment-large size-large wp-image-3824\" alt=\"\" srcset=\"https:\/\/ei26am9r9g8.exactdn.com\/wp-content\/uploads\/2022\/10\/tomstyl-3.png?strip=all&amp;lossy=1&amp;ssl=1 650w, https:\/\/ei26am9r9g8.exactdn.com\/wp-content\/uploads\/2022\/10\/tomstyl-3-271x300.png?strip=all&amp;lossy=1&amp;ssl=1 271w, https:\/\/ei26am9r9g8.exactdn.com\/wp-content\/uploads\/2022\/10\/tomstyl-3.png?strip=all&amp;lossy=1&amp;w=384&amp;ssl=1 384w\" sizes=\"auto, (max-width: 650px) 100vw, 650px\" \/>\t\t\t\t\t\t\t\t\t\t\t\t\t\t\t<\/div>\n\t\t\t\t<\/div>\n\t\t\t\t\t<\/div>\n\t\t<\/div>\n\t\t\t\t<div class=\"elementor-column elementor-col-50 elementor-inner-column elementor-element elementor-element-002cf30\" data-id=\"002cf30\" data-element_type=\"column\">\n\t\t\t<div class=\"elementor-widget-wrap elementor-element-populated\">\n\t\t\t\t\t\t\t\t<div class=\"elementor-element elementor-element-c90140f elementor-widget elementor-widget-uael-infobox\" data-id=\"c90140f\" data-element_type=\"widget\" data-widget_type=\"uael-infobox.default\">\n\t\t\t\t<div class=\"elementor-widget-container\">\n\t\t\t\r\n<div class=\"uael-module-content uael-infobox  uael-infobox-left  uael-infobox-link-type-none\">\r\n\t<div class=\"uael-infobox-left-right-wrap\">\r\n\t\t\t\t\t\t<div class=\"uael-infobox-content\">\r\n\t\t\t\t\t\t<div class='uael-infobox-title-wrap'><h4 class=\"uael-infobox-title elementor-inline-editing\" data-elementor-setting-key=\"infobox_title\" data-elementor-inline-editing-toolbar=\"basic\" >AKTUELLE STELLENAUSSCHREIBUNGEN<\/h4><\/div>\t\t\t\t\t\t<div class=\"uael-separator-parent\">\r\n\t\t\t\t<div class=\"uael-separator\"><\/div>\r\n\t\t\t<\/div>\r\n\t\t\t\t\t\t\t\t\t<div class=\"uael-infobox-text-wrap\">\r\n\t\t\t\t<div class=\"uael-infobox-text elementor-inline-editing\" data-elementor-setting-key=\"infobox_description\" data-elementor-inline-editing-toolbar=\"advanced\">\r\n\t\t\t\t\t<b>Wir suchen derzeit nach:<\/b><br><br>\n- Klinkerfliesenarbeiter  <br>\n- Maurer  <br>\n- Ger\u00fcstbauer  <br>\n- Bauhelfer  <br><br>\n\n<b>Keine Erfahrung erforderlich - wir bringen Ihnen alles bei! <\/b><br><br>\nWir bieten:<br>\n- Arbeitsvertrag<br>\n- Versicherung<br>\n- Unterkunft unter sehr guten Bedingungen<br>\n- Berufsbekleidung<br>\n- pendelnd  <br><br>\n\n<b>Wir garantieren eine unbefristete Anstellung sowie eine zuverl\u00e4ssige und p\u00fcnktliche Rechnungsstellung.  <\/b>\t\t\t\t<\/div>\r\n\t\t\t\t\t\r\n\t\t\t\t\t\t\t<\/div>\r\n\t\t<\/div>\r\n\t\t\t<\/div>\r\n<\/div>\r\n\t\t<\/div>\n\t\t\t\t<\/div>\n\t\t\t\t\t<\/div>\n\t\t<\/div>\n\t\t\t\t\t\t\t<\/div>\n\t\t<\/section>\n\t\t\t\t\t<\/div>\n\t\t<\/div>\n\t\t\t\t\t\t\t<\/div>\n\t\t<\/section>\n\t\t\t\t<section class=\"elementor-section elementor-top-section elementor-element elementor-element-d178384 elementor-section-content-top elementor-section-boxed elementor-section-height-default elementor-section-height-default\" data-id=\"d178384\" data-element_type=\"section\" data-settings=\"{&quot;background_background&quot;:&quot;classic&quot;}\">\n\t\t\t\t\t\t\t<div class=\"elementor-background-overlay\"><\/div>\n\t\t\t\t\t\t\t<div class=\"elementor-container elementor-column-gap-no\">\n\t\t\t\t\t<div class=\"elementor-column elementor-col-100 elementor-top-column elementor-element elementor-element-1246a40\" data-id=\"1246a40\" data-element_type=\"column\">\n\t\t\t<div class=\"elementor-widget-wrap elementor-element-populated\">\n\t\t\t\t\t\t\t\t<div class=\"elementor-element elementor-element-1c9ed75 elementor-widget elementor-widget-heading\" data-id=\"1c9ed75\" data-element_type=\"widget\" data-widget_type=\"heading.default\">\n\t\t\t\t<div class=\"elementor-widget-container\">\n\t\t\t<h4 class=\"elementor-heading-title elementor-size-default\">Interessierte sind herzlich eingeladen, sich mit uns in Verbindung zu setzen: +48 508 576 200, biuro@elewacjezklinkieru.com  <\/h4>\t\t<\/div>\n\t\t\t\t<\/div>\n\t\t\t\t\t<\/div>\n\t\t<\/div>\n\t\t\t\t\t\t\t<\/div>\n\t\t<\/section>\n\t\t\t\t<section class=\"elementor-section elementor-top-section elementor-element elementor-element-6a182c9 elementor-section-boxed elementor-section-height-default elementor-section-height-default\" data-id=\"6a182c9\" data-element_type=\"section\" data-settings=\"{&quot;background_background&quot;:&quot;classic&quot;}\">\n\t\t\t\t\t\t<div class=\"elementor-container elementor-column-gap-default\">\n\t\t\t\t\t<div class=\"elementor-column elementor-col-100 elementor-top-column elementor-element elementor-element-161ebc1\" data-id=\"161ebc1\" data-element_type=\"column\">\n\t\t\t<div class=\"elementor-widget-wrap elementor-element-populated\">\n\t\t\t\t\t\t\t\t<section class=\"elementor-section elementor-inner-section elementor-element elementor-element-92e8873 elementor-section-boxed elementor-section-height-default elementor-section-height-default\" data-id=\"92e8873\" data-element_type=\"section\" data-settings=\"{&quot;background_background&quot;:&quot;classic&quot;}\">\n\t\t\t\t\t\t<div class=\"elementor-container elementor-column-gap-default\">\n\t\t\t\t\t<div class=\"elementor-column elementor-col-50 elementor-inner-column elementor-element elementor-element-2ad352d\" data-id=\"2ad352d\" data-element_type=\"column\">\n\t\t\t<div class=\"elementor-widget-wrap elementor-element-populated\">\n\t\t\t\t\t\t\t\t<div class=\"elementor-element elementor-element-ce220b3 elementor-widget elementor-widget-uael-infobox\" data-id=\"ce220b3\" data-element_type=\"widget\" data-widget_type=\"uael-infobox.default\">\n\t\t\t\t<div class=\"elementor-widget-container\">\n\t\t\t\r\n<div class=\"uael-module-content uael-infobox  uael-infobox-left  uael-infobox-link-type-none\">\r\n\t<div class=\"uael-infobox-left-right-wrap\">\r\n\t\t\t\t\t\t<div class=\"uael-infobox-content\">\r\n\t\t\t\t\t\t<div class='uael-infobox-title-wrap'><h4 class=\"uael-infobox-title elementor-inline-editing\" data-elementor-setting-key=\"infobox_title\" data-elementor-inline-editing-toolbar=\"basic\" >AUSBILDUNG IN EINEM BAUUNTERNEHMEN<\/h4><\/div>\t\t\t\t\t\t<div class=\"uael-separator-parent\">\r\n\t\t\t\t<div class=\"uael-separator\"><\/div>\r\n\t\t\t<\/div>\r\n\t\t\t\t\t\t\t\t\t<div class=\"uael-infobox-text-wrap\">\r\n\t\t\t\t<div class=\"uael-infobox-text elementor-inline-editing\" data-elementor-setting-key=\"infobox_description\" data-elementor-inline-editing-toolbar=\"advanced\">\r\n\t\t\t\t\tWir m\u00f6chten Sch\u00fclerinnen und Sch\u00fcler von Berufsschulen, Berufsfachschulen und Ingenieurs- oder Bachelor-Studenten, die ein Pflichtpraktikum in der Schule oder an der Universit\u00e4t absolvieren m\u00f6chten, zur Teilnahme am Programm f\u00fcr bezahlte Praktika einladen. <br><br>\n\nWir garantieren Ihnen, dass die in unserem Unternehmen erworbenen F\u00e4higkeiten es Ihnen erm\u00f6glichen, die Besonderheiten der Arbeit in einem bestimmten Beruf bei der Durchf\u00fchrung von gro\u00dfen und prestigetr\u00e4chtigen Investitionen kennen zu lernen.\t\t\t\t<\/div>\r\n\t\t\t\t\t\r\n\t\t\t\t\t\t\t<\/div>\r\n\t\t<\/div>\r\n\t\t\t<\/div>\r\n<\/div>\r\n\t\t<\/div>\n\t\t\t\t<\/div>\n\t\t\t\t\t<\/div>\n\t\t<\/div>\n\t\t\t\t<div class=\"elementor-column elementor-col-50 elementor-inner-column elementor-element elementor-element-04f27d4\" data-id=\"04f27d4\" data-element_type=\"column\">\n\t\t\t<div class=\"elementor-widget-wrap elementor-element-populated\">\n\t\t\t\t\t\t\t\t<div class=\"elementor-element elementor-element-59399bb elementor-widget elementor-widget-image\" data-id=\"59399bb\" data-element_type=\"widget\" data-widget_type=\"image.default\">\n\t\t\t\t<div class=\"elementor-widget-container\">\n\t\t\t\t\t\t\t\t\t\t\t\t\t\t\t<img loading=\"lazy\" decoding=\"async\" width=\"650\" height=\"720\" src=\"https:\/\/ei26am9r9g8.exactdn.com\/wp-content\/uploads\/2022\/10\/1-1.png?strip=all&amp;lossy=1&amp;ssl=1\" class=\"attachment-large size-large wp-image-4702\" alt=\"\" srcset=\"https:\/\/ei26am9r9g8.exactdn.com\/wp-content\/uploads\/2022\/10\/1-1.png?strip=all&amp;lossy=1&amp;ssl=1 650w, https:\/\/ei26am9r9g8.exactdn.com\/wp-content\/uploads\/2022\/10\/1-1-271x300.png?strip=all&amp;lossy=1&amp;ssl=1 271w, https:\/\/ei26am9r9g8.exactdn.com\/wp-content\/uploads\/2022\/10\/1-1.png?strip=all&amp;lossy=1&amp;w=384&amp;ssl=1 384w\" sizes=\"auto, (max-width: 650px) 100vw, 650px\" \/>\t\t\t\t\t\t\t\t\t\t\t\t\t\t\t<\/div>\n\t\t\t\t<\/div>\n\t\t\t\t\t<\/div>\n\t\t<\/div>\n\t\t\t\t\t\t\t<\/div>\n\t\t<\/section>\n\t\t\t\t\t<\/div>\n\t\t<\/div>\n\t\t\t\t\t\t\t<\/div>\n\t\t<\/section>\n\t\t\t\t<section class=\"elementor-section elementor-top-section elementor-element elementor-element-0b2d9f6 elementor-section-content-top elementor-section-boxed elementor-section-height-default elementor-section-height-default\" data-id=\"0b2d9f6\" data-element_type=\"section\" data-settings=\"{&quot;background_background&quot;:&quot;classic&quot;}\">\n\t\t\t\t\t\t\t<div class=\"elementor-background-overlay\"><\/div>\n\t\t\t\t\t\t\t<div class=\"elementor-container elementor-column-gap-no\">\n\t\t\t\t\t<div class=\"elementor-column elementor-col-100 elementor-top-column elementor-element elementor-element-24aa230\" data-id=\"24aa230\" data-element_type=\"column\">\n\t\t\t<div class=\"elementor-widget-wrap elementor-element-populated\">\n\t\t\t\t\t\t\t\t<div class=\"elementor-element elementor-element-6b2d3a8 elementor-widget elementor-widget-heading\" data-id=\"6b2d3a8\" data-element_type=\"widget\" data-widget_type=\"heading.default\">\n\t\t\t\t<div class=\"elementor-widget-container\">\n\t\t\t<h4 class=\"elementor-heading-title elementor-size-default\">Interessierte sind herzlich eingeladen, sich mit uns in Verbindung zu setzen: +48 508 576 200, biuro@elewacjezklinkieru.com  <\/h4>\t\t<\/div>\n\t\t\t\t<\/div>\n\t\t\t\t\t<\/div>\n\t\t<\/div>\n\t\t\t\t\t\t\t<\/div>\n\t\t<\/section>\n\t\t\t\t\t\t\t<\/div>\n\t\t","protected":false},"excerpt":{"rendered":"<p>Arbeiten Sie mit den Besten AKTUELLE STELLENAUSSCHREIBUNGEN Wir suchen derzeit nach: &#8211; Klinkerfliesenarbeiter &#8211; Maurer &#8211; Ger\u00fcstbauer &#8211; Bauhelfer Keine Erfahrung erforderlich &#8211; wir bringen Ihnen alles bei! Wir bieten: &#8211; Arbeitsvertrag &#8211; Versicherung &#8211; Unterkunft unter sehr guten Bedingungen &#8211; Berufsbekleidung &#8211; pendelnd Wir garantieren eine unbefristete Anstellung sowie eine zuverl\u00e4ssige und p\u00fcnktliche Rechnungsstellung. &hellip;<\/p>\n<p class=\"read-more\"> <a class=\"\" href=\"https:\/\/elewacjezklinkieru.com\/de\/karriere\/\"> <span class=\"screen-reader-text\">Karriere<\/span> Czytaj wi\u0119cej \u00bb<\/a><\/p>\n","protected":false},"author":1,"featured_media":0,"parent":0,"menu_order":0,"comment_status":"closed","ping_status":"closed","template":"","meta":{"site-sidebar-layout":"no-sidebar","site-content-layout":"page-builder","ast-global-header-display":"","ast-main-header-display":"","ast-hfb-above-header-display":"","ast-hfb-below-header-display":"","ast-hfb-mobile-header-display":"","site-post-title":"disabled","ast-breadcrumbs-content":"","ast-featured-img":"disabled","footer-sml-layout":"","theme-transparent-header-meta":"","adv-header-id-meta":"","stick-header-meta":"","header-above-stick-meta":"","header-main-stick-meta":"","header-below-stick-meta":"","footnotes":""},"class_list":["post-4950","page","type-page","status-publish","hentry"],"_links":{"self":[{"href":"https:\/\/elewacjezklinkieru.com\/de\/wp-json\/wp\/v2\/pages\/4950","targetHints":{"allow":["GET"]}}],"collection":[{"href":"https:\/\/elewacjezklinkieru.com\/de\/wp-json\/wp\/v2\/pages"}],"about":[{"href":"https:\/\/elewacjezklinkieru.com\/de\/wp-json\/wp\/v2\/types\/page"}],"author":[{"embeddable":true,"href":"https:\/\/elewacjezklinkieru.com\/de\/wp-json\/wp\/v2\/users\/1"}],"replies":[{"embeddable":true,"href":"https:\/\/elewacjezklinkieru.com\/de\/wp-json\/wp\/v2\/comments?post=4950"}],"version-history":[{"count":0,"href":"https:\/\/elewacjezklinkieru.com\/de\/wp-json\/wp\/v2\/pages\/4950\/revisions"}],"wp:attachment":[{"href":"https:\/\/elewacjezklinkieru.com\/de\/wp-json\/wp\/v2\/media?parent=4950"}],"curies":[{"name":"wp","href":"https:\/\/api.w.org\/{rel}","templated":true}]}}